{"id":316,"date":"2025-06-26T09:38:38","date_gmt":"2025-06-26T09:38:38","guid":{"rendered":"https:\/\/c4optics.shop\/?post_type=product&#038;p=316"},"modified":"2025-06-27T10:27:13","modified_gmt":"2025-06-27T10:27:13","slug":"raul-s","status":"publish","type":"product","link":"https:\/\/c4optics.shop\/es\/producto\/raul-s\/","title":{"rendered":"RAUL\/S"},"content":{"rendered":"<p data-start=\"665\" data-end=\"967\">Les <strong data-start=\"669\" data-end=\"679\">RAUL\/S<\/strong> s\u00f3n ulleres de sol que aposten per una est\u00e8tica <strong data-start=\"728\" data-end=\"757\">contempor\u00e0nia i masculina<\/strong> amb tocs retro que mai passen de moda. El seu disseny transmet confian\u00e7a i estil gr\u00e0cies a una <strong data-start=\"853\" data-end=\"890\">muntura s\u00f2lida i ben estructurada<\/strong>, amb l\u00ednies marcades que aporten pres\u00e8ncia visual sense resultar excessives.<\/p>\n<p data-start=\"969\" data-end=\"1245\">Aquest model \u00e9s perfecte per a qui vol destacar amb discreci\u00f3 i bon gust. La muntura, elaborada amb <strong data-start=\"1069\" data-end=\"1095\">acetat d\u2019alta qualitat<\/strong>, ofereix resist\u00e8ncia i comoditat, mentre que les <strong data-start=\"1145\" data-end=\"1187\">lents de pl\u00e0stic amb protecci\u00f3 UV 100%<\/strong> garanteixen una visi\u00f3 segura i clara en qualsevol entorn.<\/p>\n<p data-start=\"1247\" data-end=\"1473\">Les RAUL\/S s\u00f3n ideals tant per al dia a dia com per a moments especials, combinant a la perfecci\u00f3 amb estils formals o casual chic. S\u00f3n l\u2019opci\u00f3 perfecta per a qui busca un equilibri entre <strong data-start=\"1435\" data-end=\"1472\">funcionalitat, disseny i car\u00e0cter<\/strong>.<\/p>\n","protected":false},"excerpt":{"rendered":"<p>Formes innovadores i l\u00ednies elegants que destaquen per la seva personalitat \u00fanica. Incorporen lents d\u2019alta qualitat que garanteixen una protecci\u00f3 \u00f2ptima, combinant funcionalitat i estil en cada detall<\/p>\n","protected":false},"featured_media":456,"template":"","meta":[],"product_brand":[25],"product_cat":[24],"product_tag":[],"class_list":{"0":"post-316","1":"product","2":"type-product","3":"status-publish","4":"has-post-thumbnail","6":"product_brand-bobsdrunk","7":"product_cat-sin-categorizar","9":"first","10":"instock","11":"taxable","12":"shipping-taxable","13":"purchasable","14":"product-type-simple"},"_links":{"self":[{"href":"https:\/\/c4optics.shop\/es\/wp-json\/wp\/v2\/product\/316","targetHints":{"allow":["GET"]}}],"collection":[{"href":"https:\/\/c4optics.shop\/es\/wp-json\/wp\/v2\/product"}],"about":[{"href":"https:\/\/c4optics.shop\/es\/wp-json\/wp\/v2\/types\/product"}],"wp:featuredmedia":[{"embeddable":true,"href":"https:\/\/c4optics.shop\/es\/wp-json\/wp\/v2\/media\/456"}],"wp:attachment":[{"href":"https:\/\/c4optics.shop\/es\/wp-json\/wp\/v2\/media?parent=316"}],"wp:term":[{"taxonomy":"product_brand","embeddable":true,"href":"https:\/\/c4optics.shop\/es\/wp-json\/wp\/v2\/product_brand?post=316"},{"taxonomy":"product_cat","embeddable":true,"href":"https:\/\/c4optics.shop\/es\/wp-json\/wp\/v2\/product_cat?post=316"},{"taxonomy":"product_tag","embeddable":true,"href":"https:\/\/c4optics.shop\/es\/wp-json\/wp\/v2\/product_tag?post=316"}],"curies":[{"name":"wp","href":"https:\/\/api.w.org\/{rel}","templated":true}]}}