{"id":326,"date":"2025-06-26T09:40:10","date_gmt":"2025-06-26T09:40:10","guid":{"rendered":"https:\/\/c4optics.shop\/?post_type=product&#038;p=326"},"modified":"2025-06-27T10:26:46","modified_gmt":"2025-06-27T10:26:46","slug":"gafas-de-sol-trimphe-metal-01-de-metal","status":"publish","type":"product","link":"https:\/\/c4optics.shop\/es\/producto\/gafas-de-sol-trimphe-metal-01-de-metal\/","title":{"rendered":"GAFAS DE SOL TRIMPHE METAL 01"},"content":{"rendered":"<p data-start=\"682\" data-end=\"972\">Les <strong data-start=\"686\" data-end=\"707\">Triomphe Metal 01<\/strong> s\u00f3n una oda al <strong data-start=\"723\" data-end=\"779\">disseny elegant, minimalista i altament reconeixible<\/strong>. Aquest model transmet car\u00e0cter des del primer cop d\u2019ull: una muntura met\u00e0l\u00b7lica prima i lleugera, acabada en tons sobris i sofisticats, que aporta un toc de distinci\u00f3 sense caure en excessos.<\/p>\n<p data-start=\"974\" data-end=\"1264\">Amb un disseny inspirat en l\u2019arquitectura parisenca i el luxe discret, les Triomphe Metal 01 estan pensades per a persones que valoren la qualitat, el confort i l&#8217;est\u00e8tica. Les lents, amb <strong data-start=\"1162\" data-end=\"1187\">protecci\u00f3 UV del 100%<\/strong>, t\u2019ofereixen una visi\u00f3 clara i segura, a m\u00e9s de protegir els ulls amb estil.<\/p>\n<p data-start=\"1266\" data-end=\"1507\">Aquestes ulleres s\u2019adapten perfectament a looks urbans, formals o casuals, i s\u00f3n ideals tant per a home com per a dona. A m\u00e9s, estan fabricades amb materials resistents per\u00f2 lleugers, pensats per a un \u00fas diari sense renunciar a la comoditat.<\/p>\n","protected":false},"excerpt":{"rendered":"<p>Refinament en estat pur. Les ulleres de sol CELINE Triomphe s\u00f3n una icona del luxe contemporani, convertides en supervendes per la seva eleg\u00e0ncia atemporal. Amb una muntura met\u00e0l\u00b7lica que combina amb mestria el minimalisme i la sofisticaci\u00f3, aquest model destaca dins la col\u00b7lecci\u00f3 CELINE com una pe\u00e7a imprescindible. La seva forma ovalada, d&#8217;inspiraci\u00f3 retro, aporta un toc subtil per\u00f2 distintiu, ideal per a dones que cerquen un estil refinat i vers\u00e0til per a qualsevol ocasi\u00f3.<\/p>\n","protected":false},"featured_media":452,"template":"","meta":[],"product_brand":[26],"product_cat":[24],"product_tag":[],"class_list":{"0":"post-326","1":"product","2":"type-product","3":"status-publish","4":"has-post-thumbnail","6":"product_brand-celine","7":"product_cat-sin-categorizar","9":"first","10":"instock","11":"taxable","12":"shipping-taxable","13":"purchasable","14":"product-type-simple"},"_links":{"self":[{"href":"https:\/\/c4optics.shop\/es\/wp-json\/wp\/v2\/product\/326","targetHints":{"allow":["GET"]}}],"collection":[{"href":"https:\/\/c4optics.shop\/es\/wp-json\/wp\/v2\/product"}],"about":[{"href":"https:\/\/c4optics.shop\/es\/wp-json\/wp\/v2\/types\/product"}],"wp:featuredmedia":[{"embeddable":true,"href":"https:\/\/c4optics.shop\/es\/wp-json\/wp\/v2\/media\/452"}],"wp:attachment":[{"href":"https:\/\/c4optics.shop\/es\/wp-json\/wp\/v2\/media?parent=326"}],"wp:term":[{"taxonomy":"product_brand","embeddable":true,"href":"https:\/\/c4optics.shop\/es\/wp-json\/wp\/v2\/product_brand?post=326"},{"taxonomy":"product_cat","embeddable":true,"href":"https:\/\/c4optics.shop\/es\/wp-json\/wp\/v2\/product_cat?post=326"},{"taxonomy":"product_tag","embeddable":true,"href":"https:\/\/c4optics.shop\/es\/wp-json\/wp\/v2\/product_tag?post=326"}],"curies":[{"name":"wp","href":"https:\/\/api.w.org\/{rel}","templated":true}]}}