{"id":327,"date":"2025-06-26T09:41:02","date_gmt":"2025-06-26T09:41:02","guid":{"rendered":"https:\/\/c4optics.shop\/?post_type=product&#038;p=327"},"modified":"2025-06-27T10:26:13","modified_gmt":"2025-06-27T10:26:13","slug":"etnia-barcelona-1899-gd-dorado","status":"publish","type":"product","link":"https:\/\/c4optics.shop\/es\/producto\/etnia-barcelona-1899-gd-dorado\/","title":{"rendered":"ETNIA BARCELONA 1899 &#8211; GD DORADO"},"content":{"rendered":"<p data-start=\"742\" data-end=\"1143\">El model <strong data-start=\"751\" data-end=\"771\">1899 \u2013 GD Dorado<\/strong> d\u2019<strong data-start=\"774\" data-end=\"793\">Etnia Barcelona<\/strong> reflecteix l\u2019ess\u00e8ncia creativa i cosmopolita de la ciutat que li dona nom. Aquestes ulleres de sol s\u00f3n una declaraci\u00f3 d\u2019intencions: sofisticades, trencadores i amb un acabat que no deixa indiferent. La seva <strong data-start=\"1001\" data-end=\"1020\">muntura daurada<\/strong> aporta un toc de luxe subtil, mentre que les formes geom\u00e8triques i minimalistes li donen un car\u00e0cter modern i molt actual.<\/p>\n<p data-start=\"1145\" data-end=\"1496\">Fabricades amb <strong data-start=\"1160\" data-end=\"1193\">materials de primera qualitat<\/strong>, les Etnia Barcelona 1899 s\u00f3n lleugeres per\u00f2 resistents, ideals per portar durant tot el dia amb la m\u00e0xima comoditat. Les lents de pl\u00e0stic amb <strong data-start=\"1337\" data-end=\"1359\">protecci\u00f3 UV total<\/strong> protegeixen la teva visi\u00f3 amb estil, i la seva tonalitat t\u2019ofereix una visi\u00f3 n\u00edtida i relaxada fins i tot en condicions de llum intensa.<\/p>\n<p data-start=\"1498\" data-end=\"1795\">Com tots els models de la marca, aquestes ulleres estan pensades per a persones amb una forta identitat visual i cultural, que aprecien la difer\u00e8ncia i fugen de l\u2019est\u00e8tica convencional.<\/p>\n","protected":false},"excerpt":{"rendered":"<p>Una reinterpretaci\u00f3 exclusiva del model original de 1899, ara presentada en una edici\u00f3 limitada d\u2019alta gamma. Aquest disseny de sol celebra amb eleg\u00e0ncia l\u2019any de fundaci\u00f3 del Club, combinant tradici\u00f3, exclusivitat i car\u00e0cter ic\u00f2nic.<\/p>\n","protected":false},"featured_media":448,"template":"","meta":[],"product_brand":[27],"product_cat":[24],"product_tag":[],"class_list":{"0":"post-327","1":"product","2":"type-product","3":"status-publish","4":"has-post-thumbnail","6":"product_brand-etnia-barcelona","7":"product_cat-sin-categorizar","9":"first","10":"instock","11":"taxable","12":"shipping-taxable","13":"purchasable","14":"product-type-simple"},"_links":{"self":[{"href":"https:\/\/c4optics.shop\/es\/wp-json\/wp\/v2\/product\/327","targetHints":{"allow":["GET"]}}],"collection":[{"href":"https:\/\/c4optics.shop\/es\/wp-json\/wp\/v2\/product"}],"about":[{"href":"https:\/\/c4optics.shop\/es\/wp-json\/wp\/v2\/types\/product"}],"wp:featuredmedia":[{"embeddable":true,"href":"https:\/\/c4optics.shop\/es\/wp-json\/wp\/v2\/media\/448"}],"wp:attachment":[{"href":"https:\/\/c4optics.shop\/es\/wp-json\/wp\/v2\/media?parent=327"}],"wp:term":[{"taxonomy":"product_brand","embeddable":true,"href":"https:\/\/c4optics.shop\/es\/wp-json\/wp\/v2\/product_brand?post=327"},{"taxonomy":"product_cat","embeddable":true,"href":"https:\/\/c4optics.shop\/es\/wp-json\/wp\/v2\/product_cat?post=327"},{"taxonomy":"product_tag","embeddable":true,"href":"https:\/\/c4optics.shop\/es\/wp-json\/wp\/v2\/product_tag?post=327"}],"curies":[{"name":"wp","href":"https:\/\/api.w.org\/{rel}","templated":true}]}}