{"id":330,"date":"2025-06-26T09:46:06","date_gmt":"2025-06-26T09:46:06","guid":{"rendered":"https:\/\/c4optics.shop\/?post_type=product&#038;p=330"},"modified":"2025-06-27T10:24:46","modified_gmt":"2025-06-27T10:24:46","slug":"glacier-03","status":"publish","type":"product","link":"https:\/\/c4optics.shop\/es\/producto\/glacier-03\/","title":{"rendered":"GLACIER 03"},"content":{"rendered":"<p data-start=\"671\" data-end=\"967\">Les ulleres <strong data-start=\"683\" data-end=\"697\">GLACIER 03<\/strong> s\u00f3n el resultat perfecte de la combinaci\u00f3 entre <strong data-start=\"746\" data-end=\"794\">tecnologia d\u2019avantguarda i disseny funcional<\/strong>. Pensades per a entorns d\u2019alta exposici\u00f3 solar \u2014com l\u2019alta muntanya, la neu o rutes de trekking\u2014, ofereixen una protecci\u00f3 visual insuperable i un ajustament c\u00f2mode i segur.<\/p>\n<p data-start=\"969\" data-end=\"1298\">Amb una <strong data-start=\"977\" data-end=\"1011\">muntura envoltant i protectora<\/strong>, aquest model redueix l\u2019entrada de llum lateral i millora l\u2019efici\u00e8ncia \u00f2ptica. Estan equipades amb lents de pl\u00e0stic d\u2019alt rendiment que bloquegen el 100% dels raigs UVA i UVB, afavorint la comoditat ocular fins i tot en situacions de llum intensa o reflectida (com a la neu o la sorra).<\/p>\n<p data-start=\"1300\" data-end=\"1510\">Fabricades amb materials resistents, lleugers i duradors, les GLACIER 03 tenen un estil esportiu i t\u00e8cnic que encaixa tant en activitats outdoor com en contextos m\u00e9s urbans per a un look d&#8217;aventurer sofisticat.<\/p>\n","protected":false},"excerpt":{"rendered":"<p>El Vuarnet Glacier 03 \u00e9s un referent indiscutible per als amants de la muntanya. Equipada amb lents minerals aut\u00e8ntiques Vuarnet, ofereix una protecci\u00f3 \u00f2ptima i una visi\u00f3 cristal\u00b7lina en qualsevol condici\u00f3. La seva muntura combina materials premium com titani, beta-titani i acetat, mentre que les proteccions laterals i el guarda-nassos, elaborats en cuir removible, aporten confort i estil funcional.<\/p>\n","protected":false},"featured_media":437,"template":"","meta":[],"product_brand":[29],"product_cat":[24],"product_tag":[],"class_list":{"0":"post-330","1":"product","2":"type-product","3":"status-publish","4":"has-post-thumbnail","6":"product_brand-vuarnet","7":"product_cat-sin-categorizar","9":"first","10":"instock","11":"taxable","12":"shipping-taxable","13":"purchasable","14":"product-type-simple"},"_links":{"self":[{"href":"https:\/\/c4optics.shop\/es\/wp-json\/wp\/v2\/product\/330","targetHints":{"allow":["GET"]}}],"collection":[{"href":"https:\/\/c4optics.shop\/es\/wp-json\/wp\/v2\/product"}],"about":[{"href":"https:\/\/c4optics.shop\/es\/wp-json\/wp\/v2\/types\/product"}],"wp:featuredmedia":[{"embeddable":true,"href":"https:\/\/c4optics.shop\/es\/wp-json\/wp\/v2\/media\/437"}],"wp:attachment":[{"href":"https:\/\/c4optics.shop\/es\/wp-json\/wp\/v2\/media?parent=330"}],"wp:term":[{"taxonomy":"product_brand","embeddable":true,"href":"https:\/\/c4optics.shop\/es\/wp-json\/wp\/v2\/product_brand?post=330"},{"taxonomy":"product_cat","embeddable":true,"href":"https:\/\/c4optics.shop\/es\/wp-json\/wp\/v2\/product_cat?post=330"},{"taxonomy":"product_tag","embeddable":true,"href":"https:\/\/c4optics.shop\/es\/wp-json\/wp\/v2\/product_tag?post=330"}],"curies":[{"name":"wp","href":"https:\/\/api.w.org\/{rel}","templated":true}]}}