{"id":332,"date":"2025-06-26T09:47:49","date_gmt":"2025-06-26T09:47:49","guid":{"rendered":"https:\/\/c4optics.shop\/?post_type=product&#038;p=332"},"modified":"2025-06-27T10:12:48","modified_gmt":"2025-06-27T10:12:48","slug":"super-olymp","status":"publish","type":"product","link":"https:\/\/c4optics.shop\/es\/producto\/super-olymp\/","title":{"rendered":"SUPER OLYMP"},"content":{"rendered":"<p data-start=\"672\" data-end=\"1014\">Les <strong data-start=\"676\" data-end=\"691\">SUPER OLYMP<\/strong> s\u00f3n ulleres de sol amb una personalitat arrolladora. Aquest model destaca pel seu disseny robust i geom\u00e8tric, inspirat en l\u00ednies retro per\u00f2 amb una reinterpretaci\u00f3 moderna que les converteix en una pe\u00e7a clau per a qualsevol look contemporani. Estan pensades per a persones que busquen diferenciar-se a trav\u00e9s dels detalls.<\/p>\n<p data-start=\"1016\" data-end=\"1379\">La muntura est\u00e0 fabricada amb acetat d\u2019alta qualitat, cosa que garanteix una estructura s\u00f2lida, duradora i c\u00f2moda. Les lents, de pl\u00e0stic resistent i amb protecci\u00f3 UV 100%, ofereixen una visi\u00f3 clara i segura en qualsevol condici\u00f3 de llum. Ja sigui per a \u00fas urb\u00e0 o per elevar el teu estil en ocasions especials, les SUPER OLYMP s\u00f3n una aposta de car\u00e0cter i disseny.<\/p>\n","protected":false},"excerpt":{"rendered":"<p>Amb un disseny atrevit i facetes que recorden diamants, aquestes ulleres s\u00f3n l\u2019aut\u00e8ntica icona ol\u00edmpica. Com una explosi\u00f3 de focs artificials o una escultura inspirada en medalles, transmeten una energia esportiva i un esperit de vict\u00f2ria. Pensades per a qui vol destacar i avan\u00e7ar amb for\u00e7a, perqu\u00e8 cada dia es converteixi en una nova conquista.<\/p>\n","protected":false},"featured_media":435,"template":"","meta":[],"product_brand":[30],"product_cat":[24],"product_tag":[],"class_list":{"0":"post-332","1":"product","2":"type-product","3":"status-publish","4":"has-post-thumbnail","6":"product_brand-woow","7":"product_cat-sin-categorizar","9":"first","10":"instock","11":"taxable","12":"shipping-taxable","13":"purchasable","14":"product-type-simple"},"_links":{"self":[{"href":"https:\/\/c4optics.shop\/es\/wp-json\/wp\/v2\/product\/332","targetHints":{"allow":["GET"]}}],"collection":[{"href":"https:\/\/c4optics.shop\/es\/wp-json\/wp\/v2\/product"}],"about":[{"href":"https:\/\/c4optics.shop\/es\/wp-json\/wp\/v2\/types\/product"}],"wp:featuredmedia":[{"embeddable":true,"href":"https:\/\/c4optics.shop\/es\/wp-json\/wp\/v2\/media\/435"}],"wp:attachment":[{"href":"https:\/\/c4optics.shop\/es\/wp-json\/wp\/v2\/media?parent=332"}],"wp:term":[{"taxonomy":"product_brand","embeddable":true,"href":"https:\/\/c4optics.shop\/es\/wp-json\/wp\/v2\/product_brand?post=332"},{"taxonomy":"product_cat","embeddable":true,"href":"https:\/\/c4optics.shop\/es\/wp-json\/wp\/v2\/product_cat?post=332"},{"taxonomy":"product_tag","embeddable":true,"href":"https:\/\/c4optics.shop\/es\/wp-json\/wp\/v2\/product_tag?post=332"}],"curies":[{"name":"wp","href":"https:\/\/api.w.org\/{rel}","templated":true}]}}