{"id":333,"date":"2025-06-26T09:48:22","date_gmt":"2025-06-26T09:48:22","guid":{"rendered":"https:\/\/c4optics.shop\/?post_type=product&#038;p=333"},"modified":"2025-06-27T10:12:13","modified_gmt":"2025-06-27T10:12:13","slug":"reunion-explorer","status":"publish","type":"product","link":"https:\/\/c4optics.shop\/es\/producto\/reunion-explorer\/","title":{"rendered":"REUNION EXPLORER"},"content":{"rendered":"<p data-start=\"681\" data-end=\"1051\">Les <strong data-start=\"685\" data-end=\"705\">REUNION EXPLORER<\/strong> s\u00f3n molt m\u00e9s que unes ulleres de sol: s\u00f3n una invitaci\u00f3 a l\u2019exploraci\u00f3 amb estil. Amb una muntura resistent i un disseny contemporani, aquest model est\u00e0 concebut per a persones actives que no renuncien a la moda ni a la funcionalitat. El seu estil robust, per\u00f2 alhora equilibrat, les fa ideals per al dia a dia i per a escapades a l\u2019aire lliure.<\/p>\n<p data-start=\"1053\" data-end=\"1377\">Fabricades amb materials d\u2019alta qualitat, ofereixen una gran comoditat i durabilitat. Les lents, en pl\u00e0stic d\u2019alt rendiment, proporcionen una protecci\u00f3 UV completa per mantenir la teva visi\u00f3 segura sota el sol. El seu disseny afavoridor les converteix en una pe\u00e7a essencial per a qualsevol amant dels accessoris de qualitat.<\/p>\n","protected":false},"excerpt":{"rendered":"<p>Reunion Explorer \u00e9s una evoluci\u00f3 del model ic\u00f2nic Reunion de L.G.R. Les proteccions laterals de acetat de cel\u00b7lulosa de la versi\u00f3 Explorer es caracteritzen per petites i sofisticades obertures de disseny, inspirades en les l\u00ednies de la finestra trilobulada d\u2019Ottica Bini, l\u2019empori situat als afores d\u2019Asmara del besavi de Luca Gnecchi Ruscone, Raffaello Bini.<\/p>\n","protected":false},"featured_media":433,"template":"","meta":[],"product_brand":[31],"product_cat":[24],"product_tag":[],"class_list":{"0":"post-333","1":"product","2":"type-product","3":"status-publish","4":"has-post-thumbnail","6":"product_brand-l-g-r","7":"product_cat-sin-categorizar","9":"first","10":"instock","11":"taxable","12":"shipping-taxable","13":"purchasable","14":"product-type-simple"},"_links":{"self":[{"href":"https:\/\/c4optics.shop\/es\/wp-json\/wp\/v2\/product\/333","targetHints":{"allow":["GET"]}}],"collection":[{"href":"https:\/\/c4optics.shop\/es\/wp-json\/wp\/v2\/product"}],"about":[{"href":"https:\/\/c4optics.shop\/es\/wp-json\/wp\/v2\/types\/product"}],"wp:featuredmedia":[{"embeddable":true,"href":"https:\/\/c4optics.shop\/es\/wp-json\/wp\/v2\/media\/433"}],"wp:attachment":[{"href":"https:\/\/c4optics.shop\/es\/wp-json\/wp\/v2\/media?parent=333"}],"wp:term":[{"taxonomy":"product_brand","embeddable":true,"href":"https:\/\/c4optics.shop\/es\/wp-json\/wp\/v2\/product_brand?post=333"},{"taxonomy":"product_cat","embeddable":true,"href":"https:\/\/c4optics.shop\/es\/wp-json\/wp\/v2\/product_cat?post=333"},{"taxonomy":"product_tag","embeddable":true,"href":"https:\/\/c4optics.shop\/es\/wp-json\/wp\/v2\/product_tag?post=333"}],"curies":[{"name":"wp","href":"https:\/\/api.w.org\/{rel}","templated":true}]}}