{"id":334,"date":"2025-06-26T09:48:48","date_gmt":"2025-06-26T09:48:48","guid":{"rendered":"https:\/\/c4optics.shop\/?post_type=product&#038;p=334"},"modified":"2025-06-27T10:11:56","modified_gmt":"2025-06-27T10:11:56","slug":"march-3627","status":"publish","type":"product","link":"https:\/\/c4optics.shop\/es\/producto\/march-3627\/","title":{"rendered":"MARCH 3627"},"content":{"rendered":"<p data-start=\"672\" data-end=\"999\">Les ulleres de sol <strong data-start=\"691\" data-end=\"705\">MARCH 3627<\/strong> ofereixen una combinaci\u00f3 ideal de confort, estil i funcionalitat. Amb una l\u00ednia neta i moderna, aquest model presenta una muntura lleugera i resistent, perfecta per al dia a dia o per a complementar looks m\u00e9s sofisticats. El seu disseny afavoreix tota mena de rostres, fent-les molt vers\u00e0tils.<\/p>\n<p data-start=\"1001\" data-end=\"1267\">Aquestes ulleres s\u00f3n una opci\u00f3 ideal per a qui busca una est\u00e8tica urbana amb un toc de distinci\u00f3. Les lents, fabricades en pl\u00e0stic d\u2019alta qualitat, garanteixen una protecci\u00f3 solar total (100% UVA i UVB), a la vegada que ofereixen una visi\u00f3 clara i sense distorsions.<\/p>\n","protected":false},"excerpt":{"rendered":"<p>MARCH \u00e9s una silueta fascinant dins la col\u00b7lecci\u00f3 de RSF. Caracteritzada per les seves gruixudes muntures d\u2019acetat, un tret distintiu de RSF, el model s\u2019inspira en les formes dels anys 60, amb terminals de vareta baixos i prominents i lents ovalades. Amb decoracions artesanals i varetes elegants, aquesta \u00e9s una nova versi\u00f3 de les ulleres de sol informals per al dia a dia. Aquesta versi\u00f3 est\u00e0 disponible en un vibrant acetat Havana 3627 amb lents verd ampolla i decoracions daurades.<\/p>\n","protected":false},"featured_media":428,"template":"","meta":[],"product_brand":[32],"product_cat":[24],"product_tag":[],"class_list":{"0":"post-334","1":"product","2":"type-product","3":"status-publish","4":"has-post-thumbnail","6":"product_brand-retrosuperfuture","7":"product_cat-sin-categorizar","9":"first","10":"instock","11":"taxable","12":"shipping-taxable","13":"purchasable","14":"product-type-simple"},"_links":{"self":[{"href":"https:\/\/c4optics.shop\/es\/wp-json\/wp\/v2\/product\/334","targetHints":{"allow":["GET"]}}],"collection":[{"href":"https:\/\/c4optics.shop\/es\/wp-json\/wp\/v2\/product"}],"about":[{"href":"https:\/\/c4optics.shop\/es\/wp-json\/wp\/v2\/types\/product"}],"wp:featuredmedia":[{"embeddable":true,"href":"https:\/\/c4optics.shop\/es\/wp-json\/wp\/v2\/media\/428"}],"wp:attachment":[{"href":"https:\/\/c4optics.shop\/es\/wp-json\/wp\/v2\/media?parent=334"}],"wp:term":[{"taxonomy":"product_brand","embeddable":true,"href":"https:\/\/c4optics.shop\/es\/wp-json\/wp\/v2\/product_brand?post=334"},{"taxonomy":"product_cat","embeddable":true,"href":"https:\/\/c4optics.shop\/es\/wp-json\/wp\/v2\/product_cat?post=334"},{"taxonomy":"product_tag","embeddable":true,"href":"https:\/\/c4optics.shop\/es\/wp-json\/wp\/v2\/product_tag?post=334"}],"curies":[{"name":"wp","href":"https:\/\/api.w.org\/{rel}","templated":true}]}}