{"id":335,"date":"2025-06-26T09:49:14","date_gmt":"2025-06-26T09:49:14","guid":{"rendered":"https:\/\/c4optics.shop\/?post_type=product&#038;p=335"},"modified":"2025-06-27T09:58:26","modified_gmt":"2025-06-27T09:58:26","slug":"ken-ft1095-08e","status":"publish","type":"product","link":"https:\/\/c4optics.shop\/es\/producto\/ken-ft1095-08e\/","title":{"rendered":"KEN FT1095 08E"},"content":{"rendered":"<p data-start=\"279\" data-end=\"588\">Les ulleres de sol <strong data-start=\"298\" data-end=\"321\">Tom Ford FT1095 08E<\/strong> representen l&#8217;equilibri perfecte entre l&#8217;eleg\u00e0ncia cl\u00e0ssica i el disseny contemporani. Amb una estructura tipus aviador, aquest model destaca per la seva muntura met\u00e0l\u00b7lica en color gris fosc i unes lents en to marr\u00f3 fosc que ofereixen un look sofisticat i vers\u00e0til.<\/p>\n<p data-start=\"590\" data-end=\"918\">S\u00f3n ulleres pensades per a persones exigents amb el seu estil, que busquen accessoris de qualitat i amb personalitat. El seu disseny lleuger garanteix comoditat durant tot el dia, mentre que la protecci\u00f3 total contra els raigs UV converteix aquestes ulleres en una opci\u00f3 ideal tant per a l\u2019\u00fas diari com per a ocasions especials.<\/p>\n<p data-start=\"1516\" data-end=\"1560\">\n","protected":false},"excerpt":{"rendered":"<p>Les ulleres de sol Tom Ford FT1095 s\u00f3n un accessori de moda imprescindible per a la teva col\u00b7lecci\u00f3. El seu disseny aviador i color gris les fan ideals per combinar-les com vulguis i adaptar-les al teu estil personal. Si ets un amant de Tom Ford, les ulleres de sol Tom Ford model FT1095 en color 08E s\u00f3n una aposta segura<\/p>\n","protected":false},"featured_media":424,"template":"","meta":[],"product_brand":[33],"product_cat":[24],"product_tag":[],"class_list":{"0":"post-335","1":"product","2":"type-product","3":"status-publish","4":"has-post-thumbnail","6":"product_brand-tom-ford","7":"product_cat-sin-categorizar","9":"first","10":"instock","11":"taxable","12":"shipping-taxable","13":"purchasable","14":"product-type-simple"},"_links":{"self":[{"href":"https:\/\/c4optics.shop\/es\/wp-json\/wp\/v2\/product\/335","targetHints":{"allow":["GET"]}}],"collection":[{"href":"https:\/\/c4optics.shop\/es\/wp-json\/wp\/v2\/product"}],"about":[{"href":"https:\/\/c4optics.shop\/es\/wp-json\/wp\/v2\/types\/product"}],"wp:featuredmedia":[{"embeddable":true,"href":"https:\/\/c4optics.shop\/es\/wp-json\/wp\/v2\/media\/424"}],"wp:attachment":[{"href":"https:\/\/c4optics.shop\/es\/wp-json\/wp\/v2\/media?parent=335"}],"wp:term":[{"taxonomy":"product_brand","embeddable":true,"href":"https:\/\/c4optics.shop\/es\/wp-json\/wp\/v2\/product_brand?post=335"},{"taxonomy":"product_cat","embeddable":true,"href":"https:\/\/c4optics.shop\/es\/wp-json\/wp\/v2\/product_cat?post=335"},{"taxonomy":"product_tag","embeddable":true,"href":"https:\/\/c4optics.shop\/es\/wp-json\/wp\/v2\/product_tag?post=335"}],"curies":[{"name":"wp","href":"https:\/\/api.w.org\/{rel}","templated":true}]}}